{"id":537,"date":"2017-02-06T07:00:20","date_gmt":"2017-02-06T07:00:20","guid":{"rendered":"http:\/\/localhost\/finance\/?page_id=537"},"modified":"2020-07-18T07:10:38","modified_gmt":"2020-07-18T07:10:38","slug":"risk-management","status":"publish","type":"page","link":"https:\/\/www.ygz.com.tr\/?page_id=537","title":{"rendered":"Hayvanc\u0131l\u0131k Hizmetleri"},"content":{"rendered":"<p>[vc_row][vc_column][vc_empty_space][\/vc_column][\/vc_row][vc_row][vc_column width=&#8221;1\/5&#8243;][vc_single_image image=&#8221;1642&#8243; img_size=&#8221;400&#215;300&#8243;][\/vc_column][vc_column width=&#8221;1\/5&#8243;][vc_single_image image=&#8221;1643&#8243; img_size=&#8221;medium&#8221;][\/vc_column][vc_column width=&#8221;1\/5&#8243;][vc_single_image image=&#8221;1644&#8243; img_size=&#8221;medium&#8221;][\/vc_column][vc_column width=&#8221;1\/5&#8243;][vc_single_image image=&#8221;1645&#8243; img_size=&#8221;medium&#8221;][\/vc_column][\/vc_row][vc_row][vc_column][vc_empty_space][vc_column_text]1980\u2019li y\u0131llarda ihracata d\u00f6n\u00fck alt\u0131n \u00e7a\u011f\u0131n\u0131 ya\u015fayan T\u00fcrk hayvanc\u0131l\u0131k sekt\u00f6r\u00fc, 2000\u2019li y\u0131llar\u0131n ba\u015flar\u0131nda ithalat alan\u0131nda ayn\u0131 canlanmay\u0131 g\u00f6stermektedir. Tar\u0131m ve G\u0131da sekt\u00f6r\u00fcn\u00fcn en \u00f6nemli bile\u015feni olan hayvanc\u0131l\u0131k sekt\u00f6r\u00fcndeki ithalat alan\u0131ndaki bu canlanmay\u0131 fark eden firma, Latin Amerikadaki pazar ba\u011flant\u0131lar\u0131yla T\u00fcrk hayvanc\u0131l\u0131k sekt\u00f6r\u00fcn\u00fcn uzun d\u00f6nemde geli\u015fmesi ve kendisini yenilemesi i\u00e7in ithalat faaliyetlerinde bulunmaktad\u0131r.<br \/>\nBa\u015fl\u0131ca ithal etti\u011fi t\u00fcrler: Angus, Simmental ve Hereford[\/vc_column_text][vc_empty_space][\/vc_column][\/vc_row]<\/p>\n","protected":false},"excerpt":{"rendered":"<p>[vc_row][vc_column][vc_empty_space][\/vc_column][\/vc_row][vc_row][vc_column width=&#8221;1\/5&#8243;][vc_single_image image=&#8221;1642&#8243; img_size=&#8221;400&#215;300&#8243;][\/vc_column][vc_column width=&#8221;1\/5&#8243;][vc_single_image image=&#8221;1643&#8243; img_size=&#8221;medium&#8221;][\/vc_column][vc_column width=&#8221;1\/5&#8243;][vc_single_image image=&#8221;1644&#8243; img_size=&#8221;medium&#8221;][\/vc_column][vc_column width=&#8221;1\/5&#8243;][vc_single_image image=&#8221;1645&#8243; img_size=&#8221;medium&#8221;][\/vc_column][\/vc_row][vc_row][vc_column][vc_empty_space][vc_column_text]1980\u2019li y\u0131llarda ihracata d\u00f6n\u00fck alt\u0131n \u00e7a\u011f\u0131n\u0131 ya\u015fayan T\u00fcrk hayvanc\u0131l\u0131k sekt\u00f6r\u00fc, 2000\u2019li y\u0131llar\u0131n ba\u015flar\u0131nda ithalat alan\u0131nda ayn\u0131 canlanmay\u0131 g\u00f6stermektedir. Tar\u0131m ve G\u0131da sekt\u00f6r\u00fcn\u00fcn en \u00f6nemli bile\u015feni olan hayvanc\u0131l\u0131k sekt\u00f6r\u00fcndeki ithalat alan\u0131ndaki bu canlanmay\u0131 fark eden firma, Latin Amerikadaki pazar ba\u011flant\u0131lar\u0131yla [&hellip;]<\/p>\n","protected":false},"author":1,"featured_media":0,"parent":0,"menu_order":0,"comment_status":"closed","ping_status":"closed","template":"tpl\/page_fullwidth.php","meta":{"footnotes":""},"_links":{"self":[{"href":"https:\/\/www.ygz.com.tr\/index.php?rest_route=\/wp\/v2\/pages\/537"}],"collection":[{"href":"https:\/\/www.ygz.com.tr\/index.php?rest_route=\/wp\/v2\/pages"}],"about":[{"href":"https:\/\/www.ygz.com.tr\/index.php?rest_route=\/wp\/v2\/types\/page"}],"author":[{"embeddable":true,"href":"https:\/\/www.ygz.com.tr\/index.php?rest_route=\/wp\/v2\/users\/1"}],"replies":[{"embeddable":true,"href":"https:\/\/www.ygz.com.tr\/index.php?rest_route=%2Fwp%2Fv2%2Fcomments&post=537"}],"version-history":[{"count":16,"href":"https:\/\/www.ygz.com.tr\/index.php?rest_route=\/wp\/v2\/pages\/537\/revisions"}],"predecessor-version":[{"id":1681,"href":"https:\/\/www.ygz.com.tr\/index.php?rest_route=\/wp\/v2\/pages\/537\/revisions\/1681"}],"wp:attachment":[{"href":"https:\/\/www.ygz.com.tr\/index.php?rest_route=%2Fwp%2Fv2%2Fmedia&parent=537"}],"curies":[{"name":"wp","href":"https:\/\/api.w.org\/{rel}","templated":true}]}}