{"id":517,"date":"2017-02-06T06:49:04","date_gmt":"2017-02-06T06:49:04","guid":{"rendered":"http:\/\/localhost\/finance\/?page_id=517"},"modified":"2020-07-17T13:39:36","modified_gmt":"2020-07-17T13:39:36","slug":"services","status":"publish","type":"page","link":"https:\/\/www.ygz.com.tr\/?page_id=517","title":{"rendered":"FAAL\u0130YETLER\u0130M\u0130Z"},"content":{"rendered":"","protected":false},"excerpt":{"rendered":"","protected":false},"author":1,"featured_media":0,"parent":0,"menu_order":0,"comment_status":"closed","ping_status":"closed","template":"tpl\/page_fullwidth.php","meta":{"footnotes":""},"_links":{"self":[{"href":"https:\/\/www.ygz.com.tr\/index.php?rest_route=\/wp\/v2\/pages\/517"}],"collection":[{"href":"https:\/\/www.ygz.com.tr\/index.php?rest_route=\/wp\/v2\/pages"}],"about":[{"href":"https:\/\/www.ygz.com.tr\/index.php?rest_route=\/wp\/v2\/types\/page"}],"author":[{"embeddable":true,"href":"https:\/\/www.ygz.com.tr\/index.php?rest_route=\/wp\/v2\/users\/1"}],"replies":[{"embeddable":true,"href":"https:\/\/www.ygz.com.tr\/index.php?rest_route=%2Fwp%2Fv2%2Fcomments&post=517"}],"version-history":[{"count":1,"href":"https:\/\/www.ygz.com.tr\/index.php?rest_route=\/wp\/v2\/pages\/517\/revisions"}],"predecessor-version":[{"id":1611,"href":"https:\/\/www.ygz.com.tr\/index.php?rest_route=\/wp\/v2\/pages\/517\/revisions\/1611"}],"wp:attachment":[{"href":"https:\/\/www.ygz.com.tr\/index.php?rest_route=%2Fwp%2Fv2%2Fmedia&parent=517"}],"curies":[{"name":"wp","href":"https:\/\/api.w.org\/{rel}","templated":true}]}}