{"id":5,"date":"2017-01-04T08:04:09","date_gmt":"2017-01-04T08:04:09","guid":{"rendered":"http:\/\/localhost\/finance\/?page_id=5"},"modified":"2020-09-15T12:04:48","modified_gmt":"2020-09-15T12:04:48","slug":"my-home","status":"publish","type":"page","link":"https:\/\/www.ygz.com.tr\/","title":{"rendered":"Anasayfa"},"content":{"rendered":"<p>[vc_row full_width=&#8221;stretch_row_content_no_spaces&#8221; parallax_speed=&#8221;4&#8243; parallax_x=&#8221;4&#8243; parallax_y=&#8221;4&#8243;][vc_column][rev_slider_vc alias=&#8221;slide-home1&#8243;][\/vc_column][\/vc_row][vc_row full_width=&#8221;stretch_row&#8221; parallax_speed=&#8221;4&#8243; parallax_x=&#8221;4&#8243; parallax_y=&#8221;4&#8243; css=&#8221;.vc_custom_1484559993316{padding-top: 60px !important;padding-bottom: 60px !important;}&#8221;][vc_column width=&#8221;1\/3&#8243;]\t\n\t<div class=\"flat-imagebox  \">\n\t\t<div class=\"flat-imagebox-inner\">\n\t\t\t\t\t\t\t<div class=\"flat-imagebox-image\">\n\t\t\t\t\t<img loading=\"lazy\" decoding=\"async\" width=\"1400\" height=\"900\" src=\"https:\/\/www.ygz.com.tr\/wp-content\/uploads\/2020\/07\/13.jpg\" class=\"attachment-full\" alt=\"\" srcset=\"https:\/\/www.ygz.com.tr\/wp-content\/uploads\/2020\/07\/13.jpg 1400w, https:\/\/www.ygz.com.tr\/wp-content\/uploads\/2020\/07\/13-300x193.jpg 300w, https:\/\/www.ygz.com.tr\/wp-content\/uploads\/2020\/07\/13-1024x658.jpg 1024w, https:\/\/www.ygz.com.tr\/wp-content\/uploads\/2020\/07\/13-768x494.jpg 768w\" sizes=\"(max-width: 1400px) 100vw, 1400px\" \/>\t\t\t\t<\/div>\n\n\t\t\t\n\t\t\t<div class=\"flat-imagebox-header\">\n\t\t\t\t<h3 class=\"flat-imagebox-title\">\n\t\t\t\t\t<a href=\"\/hakkimizda\/\" target=\"_self\">\n\t\t\t\t\t\tHAKKIMIZDA\t\t\t\t\t<\/a>\t\n\t\t\t\t<\/h3>\n\n\t\t\t\t\t\t\t<\/div>\n\n\t\t\t<div class=\"flat-imagebox-content\">\n\t\t\t\t\t\t\t\t\t<div class=\"flat-imagebox-desc\">\n\t\t\t\t\t\t2000 y\u0131l\u0131nda kurulmu\u015f olan \u015firket uluslararas\u0131 ticaret, logistik, sigorta, hal\u0131, iplik ve hayvanc\u0131l\u0131k sekt\u00f6rlerinde faaliyet g\u00f6stermektedir.\t\t\t\t\t<\/div>\n\t\t\t\t\t\t\t\t\n\t\t\t\t\t\t\t\t\t\n\t\t\t\t\t<div class=\"flat-imagebox-button\">\n\t\t\t\t\t\t<a href=\"\/hakkimizda\/\" target=\"_self\">\n\t\t\t\t\t\t\tDevam\u0131\t\t\t\t\t\t<\/a>\n\t\t\t\t\t<\/div>\n\n\t\t\t\t\t\t\t<\/div>\n\t\t<\/div>\n\t<\/div>\t\n[\/vc_column][vc_column width=&#8221;1\/3&#8243;]\t\n\t<div class=\"flat-imagebox  \">\n\t\t<div class=\"flat-imagebox-inner\">\n\t\t\t\t\t\t\t<div class=\"flat-imagebox-image\">\n\t\t\t\t\t<img loading=\"lazy\" decoding=\"async\" width=\"870\" height=\"580\" src=\"https:\/\/www.ygz.com.tr\/wp-content\/uploads\/2017\/01\/b6.jpg\" class=\"attachment-full\" alt=\"\" srcset=\"https:\/\/www.ygz.com.tr\/wp-content\/uploads\/2017\/01\/b6.jpg 870w, https:\/\/www.ygz.com.tr\/wp-content\/uploads\/2017\/01\/b6-300x200.jpg 300w, https:\/\/www.ygz.com.tr\/wp-content\/uploads\/2017\/01\/b6-768x512.jpg 768w, https:\/\/www.ygz.com.tr\/wp-content\/uploads\/2017\/01\/b6-370x247.jpg 370w\" sizes=\"(max-width: 870px) 100vw, 870px\" \/>\t\t\t\t<\/div>\n\n\t\t\t\n\t\t\t<div class=\"flat-imagebox-header\">\n\t\t\t\t<h3 class=\"flat-imagebox-title\">\n\t\t\t\t\t<a href=\"#\" target=\"_self\">\n\t\t\t\t\t\tMisyonumuz\t\t\t\t\t<\/a>\t\n\t\t\t\t<\/h3>\n\n\t\t\t\t\t\t\t<\/div>\n\n\t\t\t<div class=\"flat-imagebox-content\">\n\t\t\t\t\t\t\t\t\t<div class=\"flat-imagebox-desc\">\n\t\t\t\t\t\t\n\nM\u00fc\u015fteri memnuniyeti,faydal\u0131 olmak bizler i\u00e7in \u00f6nem ta\u015f\u0131yan de\u011ferlerdendir.\n\n\t\t\t\t\t<\/div>\n\t\t\t\t\t\t\t\t\n\t\t\t\t\t\t\t\t\t\n\t\t\t\t\t<div class=\"flat-imagebox-button\">\n\t\t\t\t\t\t<a href=\"#\" target=\"_self\">\n\t\t\t\t\t\t\tDevam\u0131\t\t\t\t\t\t<\/a>\n\t\t\t\t\t<\/div>\n\n\t\t\t\t\t\t\t<\/div>\n\t\t<\/div>\n\t<\/div>\t\n[\/vc_column][vc_column width=&#8221;1\/3&#8243;]\t\n\t<div class=\"flat-imagebox  \">\n\t\t<div class=\"flat-imagebox-inner\">\n\t\t\t\t\t\t\t<div class=\"flat-imagebox-image\">\n\t\t\t\t\t<img loading=\"lazy\" decoding=\"async\" width=\"370\" height=\"246\" src=\"https:\/\/www.ygz.com.tr\/wp-content\/uploads\/2017\/01\/1-2.png\" class=\"attachment-full\" alt=\"\" srcset=\"https:\/\/www.ygz.com.tr\/wp-content\/uploads\/2017\/01\/1-2.png 370w, https:\/\/www.ygz.com.tr\/wp-content\/uploads\/2017\/01\/1-2-300x199.png 300w\" sizes=\"(max-width: 370px) 100vw, 370px\" \/>\t\t\t\t<\/div>\n\n\t\t\t\n\t\t\t<div class=\"flat-imagebox-header\">\n\t\t\t\t<h3 class=\"flat-imagebox-title\">\n\t\t\t\t\t<a href=\"#\" target=\"_self\">\n\t\t\t\t\t\tV\u0130ZYONUMUZ\t\t\t\t\t<\/a>\t\n\t\t\t\t<\/h3>\n\n\t\t\t\t\t\t\t<\/div>\n\n\t\t\t<div class=\"flat-imagebox-content\">\n\t\t\t\t\t\t\t\t\t<div class=\"flat-imagebox-desc\">\n\t\t\t\t\t\tFaaliyet g\u00f6sterdi\u011fimiz sekt\u00f6rlerde her zaman yenilik\u00e7i,\u00f6nc\u00fc olmak birincil hedeflerimiz aras\u0131ndad\u0131r.\t\t\t\t\t<\/div>\n\t\t\t\t\t\t\t\t\n\t\t\t\t\t\t\t\t\t\n\t\t\t\t\t<div class=\"flat-imagebox-button\">\n\t\t\t\t\t\t<a href=\"#\" target=\"_self\">\n\t\t\t\t\t\t\tDevam\u0131\t\t\t\t\t\t<\/a>\n\t\t\t\t\t<\/div>\n\n\t\t\t\t\t\t\t<\/div>\n\t\t<\/div>\n\t<\/div>\t\n[\/vc_column][\/vc_row][vc_row full_width=&#8221;stretch_row&#8221; disable_element=&#8221;yes&#8221; parallax_speed=&#8221;4&#8243; parallax_x=&#8221;4&#8243; parallax_y=&#8221;4&#8243; css=&#8221;.vc_custom_1587845888368{padding-top: 70px !important;padding-bottom: 50px !important;}&#8221;][vc_column][vc_row_inner][vc_column_inner]<div class=\"title-section  style1\">\n\t\t<h1 class=\"title\">\n\t\t\tLatest news\t\t\t\n\t\t<\/h1>\t\t\n\t\t\n\n\t<\/div>[vc_empty_space height=&#8221;35px&#8221;][\/vc_column_inner][\/vc_row_inner][vc_row_inner][vc_column_inner width=&#8221;2\/3&#8243;]\n\t\t\t<div class=\"blog-shortcode  blog-grid blog-two-columns has-post-content\">\n\n\t\t\t\n\t\t\t\t        \t<article class=\"entry\">\n\t        \t\t<div class=\"entry-border\">\n\t\t\t\t\t\t<div class=\"featured-post\">\n\t\t\t\t\t\t\t<a href=\"https:\/\/www.ygz.com.tr\/?p=225\">\t\t\t\t\t\t\t\n\t\t\t\t\t\t\t\t<img loading=\"lazy\" decoding=\"async\" width=\"370\" height=\"247\" src=\"https:\/\/www.ygz.com.tr\/wp-content\/uploads\/2017\/01\/blog2-370x247.jpg\" class=\"attachment-themesflat-blog-shortcode size-themesflat-blog-shortcode wp-post-image\" alt=\"\" srcset=\"https:\/\/www.ygz.com.tr\/wp-content\/uploads\/2017\/01\/blog2-370x247.jpg 370w, https:\/\/www.ygz.com.tr\/wp-content\/uploads\/2017\/01\/blog2-300x200.jpg 300w, https:\/\/www.ygz.com.tr\/wp-content\/uploads\/2017\/01\/blog2-1024x683.jpg 1024w, https:\/\/www.ygz.com.tr\/wp-content\/uploads\/2017\/01\/blog2-768x512.jpg 768w, https:\/\/www.ygz.com.tr\/wp-content\/uploads\/2017\/01\/blog2.jpg 1200w\" sizes=\"(max-width: 370px) 100vw, 370px\" \/>\t\t\t\t\t\t\t<\/a>\n\t\t\t\t\t\t<\/div>\n\t\t\t\t\t\t<div class=\"content-post\">\n\t\t\t\t\t\t\t<h2><a href=\"https:\/\/www.ygz.com.tr\/?p=225\">Why Do I Need To Use Financial ?<\/a><\/h2>\n\n\t\t\t\t\t\t\t<div class=\"entry-meta clearfix\">\n\t\t\t\t\t\t\t\t<span class=\"entry-date\">11<\/span>\n\t\t\t\t\t\t\t\t<span class=\"entry-month\">Oca<\/span>\n\t\t\t\t\t\t\t<\/div><!-- .meta-post -->\n\t\t\t\t\t\t\t\n\t\t\t\t\t\t\t\t\t\t\t\t\t\t\t\t\n\t\t\t\t\t\t\t\t<div class=\"entry-content\">\n\n\t\t\t\t\t\t\t\t\tSed facilisis lorem in orci bibendum ullamcorper. Mauris vitae augue elementum, ...\n\t\t\t\t\t\t\t\t\t\n\t\t\t\t\t\t\t\t<\/div>\n\n\t\t\t\t\t\t\t\t\t\t\t\t\t<\/div>\n\t\t\t\t\t<\/div>\n\t\t\t\t<\/article><!-- \/.entry -->\n\n\t\t\t\t        \t<article class=\"entry\">\n\t        \t\t<div class=\"entry-border\">\n\t\t\t\t\t\t<div class=\"featured-post\">\n\t\t\t\t\t\t\t<a href=\"https:\/\/www.ygz.com.tr\/?p=216\">\t\t\t\t\t\t\t\n\t\t\t\t\t\t\t\t<img loading=\"lazy\" decoding=\"async\" width=\"370\" height=\"247\" src=\"https:\/\/www.ygz.com.tr\/wp-content\/uploads\/2017\/01\/blog1-1-370x247.jpg\" class=\"attachment-themesflat-blog-shortcode size-themesflat-blog-shortcode wp-post-image\" alt=\"\" \/>\t\t\t\t\t\t\t<\/a>\n\t\t\t\t\t\t<\/div>\n\t\t\t\t\t\t<div class=\"content-post\">\n\t\t\t\t\t\t\t<h2><a href=\"https:\/\/www.ygz.com.tr\/?p=216\">Why your sales forecast is off<\/a><\/h2>\n\n\t\t\t\t\t\t\t<div class=\"entry-meta clearfix\">\n\t\t\t\t\t\t\t\t<span class=\"entry-date\">11<\/span>\n\t\t\t\t\t\t\t\t<span class=\"entry-month\">Oca<\/span>\n\t\t\t\t\t\t\t<\/div><!-- .meta-post -->\n\t\t\t\t\t\t\t\n\t\t\t\t\t\t\t\t\t\t\t\t\t\t\t\t\n\t\t\t\t\t\t\t\t<div class=\"entry-content\">\n\n\t\t\t\t\t\t\t\t\tSed facilisis lorem in orci bibendum ullamcorper. Mauris vitae augue elementum, ...\n\t\t\t\t\t\t\t\t\t\n\t\t\t\t\t\t\t\t<\/div>\n\n\t\t\t\t\t\t\t\t\t\t\t\t\t<\/div>\n\t\t\t\t\t<\/div>\n\t\t\t\t<\/article><!-- \/.entry -->\n\n\t\t\t<\/div>[\/vc_column_inner][vc_column_inner width=&#8221;1\/3&#8243;][vc_widget_sidebar sidebar_id=&#8221;sidebar-home&#8221;][\/vc_column_inner][\/vc_row_inner][\/vc_column][\/vc_row]<\/p>\n","protected":false},"excerpt":{"rendered":"<p>[vc_row full_width=&#8221;stretch_row_content_no_spaces&#8221; parallax_speed=&#8221;4&#8243; parallax_x=&#8221;4&#8243; parallax_y=&#8221;4&#8243;][vc_column][rev_slider_vc alias=&#8221;slide-home1&#8243;][\/vc_column][\/vc_row][vc_row full_width=&#8221;stretch_row&#8221; parallax_speed=&#8221;4&#8243; parallax_x=&#8221;4&#8243; parallax_y=&#8221;4&#8243; css=&#8221;.vc_custom_1484559993316{padding-top: 60px !important;padding-bottom: 60px !important;}&#8221;][vc_column width=&#8221;1\/3&#8243;][\/vc_column][vc_column width=&#8221;1\/3&#8243;][\/vc_column][vc_column width=&#8221;1\/3&#8243;][\/vc_column][\/vc_row][vc_row full_width=&#8221;stretch_row&#8221; disable_element=&#8221;yes&#8221; parallax_speed=&#8221;4&#8243; parallax_x=&#8221;4&#8243; parallax_y=&#8221;4&#8243; css=&#8221;.vc_custom_1587845888368{padding-top: 70px !important;padding-bottom: 50px !important;}&#8221;][vc_column][vc_row_inner][vc_column_inner][vc_empty_space height=&#8221;35px&#8221;][\/vc_column_inner][\/vc_row_inner][vc_row_inner][vc_column_inner width=&#8221;2\/3&#8243;][\/vc_column_inner][vc_column_inner width=&#8221;1\/3&#8243;][vc_widget_sidebar sidebar_id=&#8221;sidebar-home&#8221;][\/vc_column_inner][\/vc_row_inner][\/vc_column][\/vc_row]<\/p>\n","protected":false},"author":1,"featured_media":0,"parent":0,"menu_order":0,"comment_status":"closed","ping_status":"closed","template":"tpl\/front-page.php","meta":{"footnotes":""},"_links":{"self":[{"href":"https:\/\/www.ygz.com.tr\/index.php?rest_route=\/wp\/v2\/pages\/5"}],"collection":[{"href":"https:\/\/www.ygz.com.tr\/index.php?rest_route=\/wp\/v2\/pages"}],"about":[{"href":"https:\/\/www.ygz.com.tr\/index.php?rest_route=\/wp\/v2\/types\/page"}],"author":[{"embeddable":true,"href":"https:\/\/www.ygz.com.tr\/index.php?rest_route=\/wp\/v2\/users\/1"}],"replies":[{"embeddable":true,"href":"https:\/\/www.ygz.com.tr\/index.php?rest_route=%2Fwp%2Fv2%2Fcomments&post=5"}],"version-history":[{"count":17,"href":"https:\/\/www.ygz.com.tr\/index.php?rest_route=\/wp\/v2\/pages\/5\/revisions"}],"predecessor-version":[{"id":1753,"href":"https:\/\/www.ygz.com.tr\/index.php?rest_route=\/wp\/v2\/pages\/5\/revisions\/1753"}],"wp:attachment":[{"href":"https:\/\/www.ygz.com.tr\/index.php?rest_route=%2Fwp%2Fv2%2Fmedia&parent=5"}],"curies":[{"name":"wp","href":"https:\/\/api.w.org\/{rel}","templated":true}]}}