{"id":498,"date":"2017-02-06T04:19:19","date_gmt":"2017-02-06T04:19:19","guid":{"rendered":"http:\/\/localhost\/finance\/?page_id=498"},"modified":"2020-08-23T11:16:40","modified_gmt":"2020-08-23T11:16:40","slug":"contact","status":"publish","type":"page","link":"https:\/\/www.ygz.com.tr\/?page_id=498","title":{"rendered":"\u0130leti\u015fim"},"content":{"rendered":"<p>[vc_row parallax_speed=&#8221;4&#8243; parallax_x=&#8221;4&#8243; parallax_y=&#8221;4&#8243; css=&#8221;.vc_custom_1489138931735{padding-top: 100px !important;padding-bottom: 70px !important;}&#8221; el_class=&#8221;flat-contact-form&#8221;][vc_column width=&#8221;4\/12&#8243;][vc_column_text]<\/p>\n<h5>Adres<\/h5>\n<p>Yaprak Mahallesi \u0130stasyon Caddesi Fuar \u0130\u015f Merkezi Kat:2 No:14 \u015eehitkamil\/GAZ\u0130ANTEP[\/vc_column_text][vc_empty_space height=&#8221;35px&#8221;][vc_column_text]<strong>Telefon :<\/strong> +90 342 231 09 17<\/p>\n<p><strong>Fax :<\/strong> +90 342 321 60 94<\/p>\n<p><strong>Gsm :<\/strong> +90 0553 306 08 51[\/vc_column_text][vc_empty_space height=&#8221;35px&#8221;][vc_column_text]<\/p>\n<h5>E-mail<\/h5>\n<p>ygz@ygz.com.tr[\/vc_column_text][\/vc_column][vc_column width=&#8221;8\/12&#8243;]<div role=\"form\" class=\"wpcf7\" id=\"wpcf7-f328-o1\" lang=\"en-US\" dir=\"ltr\">\n<div class=\"screen-reader-response\"><\/div>\n<form action=\"\/index.php?rest_route=%2Fwp%2Fv2%2Fpages%2F498#wpcf7-f328-o1\" method=\"post\" class=\"wpcf7-form\" novalidate=\"novalidate\">\n<div style=\"display: none;\">\n<input type=\"hidden\" name=\"_wpcf7\" value=\"328\" \/>\n<input type=\"hidden\" name=\"_wpcf7_version\" value=\"5.1.7\" \/>\n<input type=\"hidden\" name=\"_wpcf7_locale\" value=\"en_US\" \/>\n<input type=\"hidden\" name=\"_wpcf7_unit_tag\" value=\"wpcf7-f328-o1\" \/>\n<input type=\"hidden\" name=\"_wpcf7_container_post\" value=\"0\" \/>\n<\/div>\n<div class=\"flat-wrap-field clearfix\">\n<div class=\"flat-one-half\">\n<span class=\"wpcf7-form-control-wrap your-name\"><input type=\"text\" name=\"your-name\" value=\"\" size=\"40\" class=\"wpcf7-form-control wpcf7-text wpcf7-validates-as-required\" aria-required=\"true\" aria-invalid=\"false\" placeholder=\"Name\" \/><\/span><br \/>\n<span class=\"wpcf7-form-control-wrap your-email\"><input type=\"email\" name=\"your-email\" value=\"\" size=\"40\" class=\"wpcf7-form-control wpcf7-text wpcf7-email wpcf7-validates-as-required wpcf7-validates-as-email\" aria-required=\"true\" aria-invalid=\"false\" placeholder=\"Email\" \/><\/span><br \/>\n<span class=\"wpcf7-form-control-wrap your-subject\"><input type=\"text\" name=\"your-subject\" value=\"\" size=\"40\" class=\"wpcf7-form-control wpcf7-text wpcf7-validates-as-required\" aria-required=\"true\" aria-invalid=\"false\" placeholder=\"Subject\" \/><\/span><br \/>\n<input type=\"submit\" value=\"Send Message\" class=\"wpcf7-form-control wpcf7-submit\" \/>\n<\/div>\n<div class=\"flat-one-half\">\n<span class=\"wpcf7-form-control-wrap your-message\"><textarea name=\"your-message\" cols=\"40\" rows=\"10\" class=\"wpcf7-form-control wpcf7-textarea\" aria-invalid=\"false\" placeholder=\"Message\"><\/textarea><\/span>\n<\/div>\n<\/div>\n<div class=\"wpcf7-response-output wpcf7-display-none\"><\/div><\/form><\/div>[\/vc_column][\/vc_row][vc_row full_width=&#8221;stretch_row_content_no_spaces&#8221; parallax_speed=&#8221;4&#8243; parallax_x=&#8221;4&#8243; parallax_y=&#8221;4&#8243;][vc_column][vc_gmaps link=&#8221;#E-8_JTNDaWZyYW1lJTIwc3JjJTNEJTIyaHR0cHMlM0ElMkYlMkZ3d3cuZ29vZ2xlLmNvbSUyRm1hcHMlMkZlbWJlZCUzRnBiJTNEJTIxMW0xOCUyMTFtMTIlMjExbTMlMjExZDc5NS44ODgxOTg1NDYwNzQ5JTIxMmQzNy4zNzg4MDU1MjkyNTU0OTQlMjEzZDM3LjA2ODEzODg5ODc0MzQwNiUyMTJtMyUyMTFmMCUyMTJmMCUyMTNmMCUyMTNtMiUyMTFpMTAyNCUyMTJpNzY4JTIxNGYxMy4xJTIxM20zJTIxMW0yJTIxMXMweDE1MzFlMTRkODhhMzA5MDMlMjUzQTB4Y2JkNjViODU0YzFiZTA0JTIxMnNZR1olMjUyMElOVEVSTkFUSU9OQUwlMjUyMFRSQURFJTIxNWUwJTIxM20yJTIxMXN0ciUyMTJzdHIlMjE0djE1OTgxODEzNTUwNjclMjE1bTIlMjExc3RyJTIxMnN0ciUyMiUyMHdpZHRoJTNEJTIyNjAwJTIyJTIwaGVpZ2h0JTNEJTIyNDUwJTIyJTIwZnJhbWVib3JkZXIlM0QlMjIwJTIyJTIwc3R5bGUlM0QlMjJib3JkZXIlM0EwJTNCJTIyJTIwYWxsb3dmdWxsc2NyZWVuJTNEJTIyJTIyJTIwYXJpYS1oaWRkZW4lM0QlMjJmYWxzZSUyMiUyMHRhYmluZGV4JTNEJTIyMCUyMiUzRSUzQyUyRmlmcmFtZSUzRQ==&#8221;][\/vc_column][\/vc_row]<\/p>\n","protected":false},"excerpt":{"rendered":"<p>[vc_row parallax_speed=&#8221;4&#8243; parallax_x=&#8221;4&#8243; parallax_y=&#8221;4&#8243; css=&#8221;.vc_custom_1489138931735{padding-top: 100px !important;padding-bottom: 70px !important;}&#8221; el_class=&#8221;flat-contact-form&#8221;][vc_column width=&#8221;4\/12&#8243;][vc_column_text] Adres Yaprak Mahallesi \u0130stasyon Caddesi Fuar \u0130\u015f Merkezi Kat:2 No:14 \u015eehitkamil\/GAZ\u0130ANTEP[\/vc_column_text][vc_empty_space height=&#8221;35px&#8221;][vc_column_text]Telefon : +90 342 231 09 17 Fax : +90 342 321 60 94 Gsm : +90 0553 306 08 51[\/vc_column_text][vc_empty_space height=&#8221;35px&#8221;][vc_column_text] E-mail ygz@ygz.com.tr[\/vc_column_text][\/vc_column][vc_column width=&#8221;8\/12&#8243;][\/vc_column][\/vc_row][vc_row full_width=&#8221;stretch_row_content_no_spaces&#8221; parallax_speed=&#8221;4&#8243; parallax_x=&#8221;4&#8243; parallax_y=&#8221;4&#8243;][vc_column][vc_gmaps [&hellip;]<\/p>\n","protected":false},"author":1,"featured_media":0,"parent":0,"menu_order":0,"comment_status":"closed","ping_status":"closed","template":"tpl\/page_fullwidth.php","meta":{"footnotes":""},"_links":{"self":[{"href":"https:\/\/www.ygz.com.tr\/index.php?rest_route=\/wp\/v2\/pages\/498"}],"collection":[{"href":"https:\/\/www.ygz.com.tr\/index.php?rest_route=\/wp\/v2\/pages"}],"about":[{"href":"https:\/\/www.ygz.com.tr\/index.php?rest_route=\/wp\/v2\/types\/page"}],"author":[{"embeddable":true,"href":"https:\/\/www.ygz.com.tr\/index.php?rest_route=\/wp\/v2\/users\/1"}],"replies":[{"embeddable":true,"href":"https:\/\/www.ygz.com.tr\/index.php?rest_route=%2Fwp%2Fv2%2Fcomments&post=498"}],"version-history":[{"count":6,"href":"https:\/\/www.ygz.com.tr\/index.php?rest_route=\/wp\/v2\/pages\/498\/revisions"}],"predecessor-version":[{"id":1748,"href":"https:\/\/www.ygz.com.tr\/index.php?rest_route=\/wp\/v2\/pages\/498\/revisions\/1748"}],"wp:attachment":[{"href":"https:\/\/www.ygz.com.tr\/index.php?rest_route=%2Fwp%2Fv2%2Fmedia&parent=498"}],"curies":[{"name":"wp","href":"https:\/\/api.w.org\/{rel}","templated":true}]}}