{"id":1763,"date":"2025-04-14T08:37:12","date_gmt":"2025-04-14T08:37:12","guid":{"rendered":"https:\/\/www.ygz.com.tr\/?page_id=1763"},"modified":"2025-04-14T08:37:12","modified_gmt":"2025-04-14T08:37:12","slug":"extra-virgin-olive-oil","status":"publish","type":"page","link":"https:\/\/www.ygz.com.tr\/?page_id=1763","title":{"rendered":"Extra Virgin Olive Oil"},"content":{"rendered":"<p>[vc_row][vc_column][vc_empty_space][\/vc_column][\/vc_row][vc_row][vc_column width=&#8221;1\/4&#8243;][vc_single_image image=&#8221;1669&#8243; img_size=&#8221;full&#8221;][\/vc_column][vc_column width=&#8221;1\/4&#8243;][vc_single_image image=&#8221;1670&#8243; img_size=&#8221;full&#8221;][\/vc_column][vc_column width=&#8221;1\/4&#8243;][vc_single_image image=&#8221;1671&#8243; img_size=&#8221;full&#8221;][\/vc_column][vc_column width=&#8221;1\/4&#8243;][vc_single_image image=&#8221;1672&#8243; img_size=&#8221;full&#8221;][\/vc_column][\/vc_row][vc_row][vc_column][vc_empty_space][vc_column_text]H\u0131zla artan d\u00fcnya n\u00fcfusu ve sanayile\u015fmenin sebeb oldu\u011fu \u00e7evresel kirlenme, tar\u0131m ve g\u0131da sekt\u00f6r\u00fcn\u00fcn \u00fcretim sahas\u0131n\u0131 gittik\u00e7e daralmaktad\u0131r. Firma sekt\u00f6rdeki bu olumsuz trende \u00e7\u00f6z\u00fcm sunabilmek i\u00e7in faaliyetlerini sosyal sorumluluk bilinciyle organize etmektedir. Bunun i\u00e7in, tar\u0131m ve g\u0131da sekt\u00f6rde ihtiyac\u0131 olan \u00fclkeye ve giri\u015fimcisine talep edilen tar\u0131m ve g\u0131da \u00fcr\u00fcnlerinin sa\u011fl\u0131kl\u0131, g\u00fcvenilir ve h\u0131zl\u0131 bir \u015fekilde ula\u015fmas\u0131 i\u00e7in sekt\u00f6rdeki \u00fcr\u00fcnlerin uluslararas\u0131 ticaretini ger\u00e7ekle\u015ftirmektedir.<br \/>\nBa\u015fl\u0131ca ihra\u00e7 \u00fcr\u00fcnleri; Mercimek, Antep f\u0131st\u0131\u011f\u0131, Karabiber, Ay\u00e7i\u00e7ek ve Zeytin ya\u011f\u0131, S\u00fct Tozu, \u00c7ikolata vb.[\/vc_column_text][\/vc_column][\/vc_row][vc_row][vc_column][vc_empty_space][\/vc_column][\/vc_row]<\/p>\n","protected":false},"excerpt":{"rendered":"<p>[vc_row][vc_column][vc_empty_space][\/vc_column][\/vc_row][vc_row][vc_column width=&#8221;1\/4&#8243;][vc_single_image image=&#8221;1669&#8243; img_size=&#8221;full&#8221;][\/vc_column][vc_column width=&#8221;1\/4&#8243;][vc_single_image image=&#8221;1670&#8243; img_size=&#8221;full&#8221;][\/vc_column][vc_column width=&#8221;1\/4&#8243;][vc_single_image image=&#8221;1671&#8243; img_size=&#8221;full&#8221;][\/vc_column][vc_column width=&#8221;1\/4&#8243;][vc_single_image image=&#8221;1672&#8243; img_size=&#8221;full&#8221;][\/vc_column][\/vc_row][vc_row][vc_column][vc_empty_space][vc_column_text]H\u0131zla artan d\u00fcnya n\u00fcfusu ve sanayile\u015fmenin sebeb oldu\u011fu \u00e7evresel kirlenme, tar\u0131m ve g\u0131da sekt\u00f6r\u00fcn\u00fcn \u00fcretim sahas\u0131n\u0131 gittik\u00e7e daralmaktad\u0131r. Firma sekt\u00f6rdeki bu olumsuz trende \u00e7\u00f6z\u00fcm sunabilmek i\u00e7in faaliyetlerini sosyal sorumluluk bilinciyle organize etmektedir. Bunun i\u00e7in, tar\u0131m ve g\u0131da sekt\u00f6rde ihtiyac\u0131 [&hellip;]<\/p>\n","protected":false},"author":1,"featured_media":0,"parent":0,"menu_order":0,"comment_status":"closed","ping_status":"closed","template":"","meta":{"footnotes":""},"_links":{"self":[{"href":"https:\/\/www.ygz.com.tr\/index.php?rest_route=\/wp\/v2\/pages\/1763"}],"collection":[{"href":"https:\/\/www.ygz.com.tr\/index.php?rest_route=\/wp\/v2\/pages"}],"about":[{"href":"https:\/\/www.ygz.com.tr\/index.php?rest_route=\/wp\/v2\/types\/page"}],"author":[{"embeddable":true,"href":"https:\/\/www.ygz.com.tr\/index.php?rest_route=\/wp\/v2\/users\/1"}],"replies":[{"embeddable":true,"href":"https:\/\/www.ygz.com.tr\/index.php?rest_route=%2Fwp%2Fv2%2Fcomments&post=1763"}],"version-history":[{"count":1,"href":"https:\/\/www.ygz.com.tr\/index.php?rest_route=\/wp\/v2\/pages\/1763\/revisions"}],"predecessor-version":[{"id":1764,"href":"https:\/\/www.ygz.com.tr\/index.php?rest_route=\/wp\/v2\/pages\/1763\/revisions\/1764"}],"wp:attachment":[{"href":"https:\/\/www.ygz.com.tr\/index.php?rest_route=%2Fwp%2Fv2%2Fmedia&parent=1763"}],"curies":[{"name":"wp","href":"https:\/\/api.w.org\/{rel}","templated":true}]}}