{"id":1615,"date":"2020-07-17T13:47:24","date_gmt":"2020-07-17T13:47:24","guid":{"rendered":"http:\/\/www.ygz.com.tr\/?page_id=1615"},"modified":"2020-07-24T11:08:52","modified_gmt":"2020-07-24T11:08:52","slug":"misyonumuz","status":"publish","type":"page","link":"https:\/\/www.ygz.com.tr\/?page_id=1615","title":{"rendered":"Misyonumuz"},"content":{"rendered":"<p>[vc_row][vc_column][vc_empty_space][\/vc_column][\/vc_row][vc_row][vc_column width=&#8221;1\/2&#8243;][vc_single_image image=&#8221;1723&#8243; img_size=&#8221;large&#8221;][\/vc_column][vc_column width=&#8221;1\/2&#8243;][vc_column_text]M\u00fc\u015fteri memnuniyeti,faydal\u0131 olmak bizler i\u00e7in \u00f6nem ta\u015f\u0131yan de\u011ferlerdendir.<\/p>\n<p>Farkl\u0131l\u0131klar yaratarak kal\u0131c\u0131 \u00fcst\u00fcnl\u00fckler sa\u011flamak i\u015f d\u00fcnyas\u0131nda yerimizi sa\u011flamla\u015ft\u0131rmam\u0131za katk\u0131 sa\u011flam\u0131\u015ft\u0131r.[\/vc_column_text][\/vc_column][\/vc_row][vc_row][vc_column][vc_empty_space][\/vc_column][\/vc_row]<\/p>\n","protected":false},"excerpt":{"rendered":"<p>[vc_row][vc_column][vc_empty_space][\/vc_column][\/vc_row][vc_row][vc_column width=&#8221;1\/2&#8243;][vc_single_image image=&#8221;1723&#8243; img_size=&#8221;large&#8221;][\/vc_column][vc_column width=&#8221;1\/2&#8243;][vc_column_text]M\u00fc\u015fteri memnuniyeti,faydal\u0131 olmak bizler i\u00e7in \u00f6nem ta\u015f\u0131yan de\u011ferlerdendir. Farkl\u0131l\u0131klar yaratarak kal\u0131c\u0131 \u00fcst\u00fcnl\u00fckler sa\u011flamak i\u015f d\u00fcnyas\u0131nda yerimizi sa\u011flamla\u015ft\u0131rmam\u0131za katk\u0131 sa\u011flam\u0131\u015ft\u0131r.[\/vc_column_text][\/vc_column][\/vc_row][vc_row][vc_column][vc_empty_space][\/vc_column][\/vc_row]<\/p>\n","protected":false},"author":1,"featured_media":0,"parent":0,"menu_order":0,"comment_status":"closed","ping_status":"closed","template":"tpl\/page_fullwidth.php","meta":{"footnotes":""},"_links":{"self":[{"href":"https:\/\/www.ygz.com.tr\/index.php?rest_route=\/wp\/v2\/pages\/1615"}],"collection":[{"href":"https:\/\/www.ygz.com.tr\/index.php?rest_route=\/wp\/v2\/pages"}],"about":[{"href":"https:\/\/www.ygz.com.tr\/index.php?rest_route=\/wp\/v2\/types\/page"}],"author":[{"embeddable":true,"href":"https:\/\/www.ygz.com.tr\/index.php?rest_route=\/wp\/v2\/users\/1"}],"replies":[{"embeddable":true,"href":"https:\/\/www.ygz.com.tr\/index.php?rest_route=%2Fwp%2Fv2%2Fcomments&post=1615"}],"version-history":[{"count":5,"href":"https:\/\/www.ygz.com.tr\/index.php?rest_route=\/wp\/v2\/pages\/1615\/revisions"}],"predecessor-version":[{"id":1725,"href":"https:\/\/www.ygz.com.tr\/index.php?rest_route=\/wp\/v2\/pages\/1615\/revisions\/1725"}],"wp:attachment":[{"href":"https:\/\/www.ygz.com.tr\/index.php?rest_route=%2Fwp%2Fv2%2Fmedia&parent=1615"}],"curies":[{"name":"wp","href":"https:\/\/api.w.org\/{rel}","templated":true}]}}