{"id":1345,"date":"2017-03-10T10:19:38","date_gmt":"2017-03-10T10:19:38","guid":{"rendered":"http:\/\/localhost\/finance\/?page_id=1345"},"modified":"2020-07-24T10:21:53","modified_gmt":"2020-07-24T10:21:53","slug":"hakkimizda","status":"publish","type":"page","link":"https:\/\/www.ygz.com.tr\/?page_id=1345","title":{"rendered":"HAKKIMIZDA"},"content":{"rendered":"<p>[vc_row][vc_column][vc_empty_space][\/vc_column][\/vc_row][vc_row][vc_column width=&#8221;1\/2&#8243;][vc_single_image image=&#8221;1675&#8243; img_size=&#8221;large&#8221;][\/vc_column][vc_column width=&#8221;1\/2&#8243;][vc_column_text]FEEDING HAYVANCILIK T\u0130C. LTD. \u015eT\u0130.<\/p>\n<p>2000 y\u0131l\u0131nda kurulmu\u015f olan \u015firket uluslararas\u0131 ticaret, logistik, sigorta, hal\u0131, iplik ve hayvanc\u0131l\u0131k sekt\u00f6rlerinde faaliyet g\u00f6stermektedir.<\/p>\n<p>Tarihi ipek yolunun ge\u00e7ti\u011fi b\u00f6lgede bulunan Gaziantep\u2019in dinamik, proaktif ve m\u00fcte\u015febb\u00fcs ruhunun hayat buldu\u011fu bir ortamda kurulmu\u015f olan firma \u00e7e\u015fitli sekt\u00f6rlerdeki ba\u015far\u0131l\u0131 giri\u015fimleriyle uluslararas\u0131 ticaret tecr\u00fcbesini artt\u0131rmaktad\u0131r.<\/p>\n<p>Do\u011fu Avrupa, Ortado\u011fu, Kuzey Afrika ve Latin Amerika\u2019da, \u00e7e\u015fitli sekt\u00f6rlerdeki pazar ba\u011flant\u0131lar\u0131yla ithalat ve ihracat faaliyetleri ger\u00e7ekle\u015ftiren firma, T\u00fcrkiye ekonomisine katk\u0131da bulunmaktad\u0131r.<\/p>\n<p>T\u00fcrk ihracat sekt\u00f6r\u00fcn\u00fcn alt\u0131n \u00e7a\u011f\u0131 olarak nitelendirilen 1980 \u2013 1987 d\u00f6neminde, \u00f6zellikle hayvanc\u0131l\u0131k sekt\u00f6r\u00fcnde kazand\u0131\u011f\u0131 ivme ile \u00e7e\u015fitli sekt\u00f6rlere yat\u0131r\u0131m yapan firma, giri\u015fimci yap\u0131s\u0131n\u0131 kurumsal sistem ile b\u00fct\u00fcnle\u015ftirerek nitelikli ba\u015far\u0131lara ula\u015fma hedefindedir.[\/vc_column_text][\/vc_column][\/vc_row][vc_row][vc_column][vc_empty_space][\/vc_column][\/vc_row]<\/p>\n","protected":false},"excerpt":{"rendered":"<p>[vc_row][vc_column][vc_empty_space][\/vc_column][\/vc_row][vc_row][vc_column width=&#8221;1\/2&#8243;][vc_single_image image=&#8221;1675&#8243; img_size=&#8221;large&#8221;][\/vc_column][vc_column width=&#8221;1\/2&#8243;][vc_column_text]FEEDING HAYVANCILIK T\u0130C. LTD. \u015eT\u0130. 2000 y\u0131l\u0131nda kurulmu\u015f olan \u015firket uluslararas\u0131 ticaret, logistik, sigorta, hal\u0131, iplik ve hayvanc\u0131l\u0131k sekt\u00f6rlerinde faaliyet g\u00f6stermektedir. Tarihi ipek yolunun ge\u00e7ti\u011fi b\u00f6lgede bulunan Gaziantep\u2019in dinamik, proaktif ve m\u00fcte\u015febb\u00fcs ruhunun hayat buldu\u011fu bir ortamda kurulmu\u015f olan firma \u00e7e\u015fitli sekt\u00f6rlerdeki ba\u015far\u0131l\u0131 giri\u015fimleriyle uluslararas\u0131 ticaret tecr\u00fcbesini [&hellip;]<\/p>\n","protected":false},"author":1,"featured_media":0,"parent":0,"menu_order":0,"comment_status":"closed","ping_status":"closed","template":"tpl\/page_fullwidth.php","meta":{"footnotes":""},"_links":{"self":[{"href":"https:\/\/www.ygz.com.tr\/index.php?rest_route=\/wp\/v2\/pages\/1345"}],"collection":[{"href":"https:\/\/www.ygz.com.tr\/index.php?rest_route=\/wp\/v2\/pages"}],"about":[{"href":"https:\/\/www.ygz.com.tr\/index.php?rest_route=\/wp\/v2\/types\/page"}],"author":[{"embeddable":true,"href":"https:\/\/www.ygz.com.tr\/index.php?rest_route=\/wp\/v2\/users\/1"}],"replies":[{"embeddable":true,"href":"https:\/\/www.ygz.com.tr\/index.php?rest_route=%2Fwp%2Fv2%2Fcomments&post=1345"}],"version-history":[{"count":6,"href":"https:\/\/www.ygz.com.tr\/index.php?rest_route=\/wp\/v2\/pages\/1345\/revisions"}],"predecessor-version":[{"id":1692,"href":"https:\/\/www.ygz.com.tr\/index.php?rest_route=\/wp\/v2\/pages\/1345\/revisions\/1692"}],"wp:attachment":[{"href":"https:\/\/www.ygz.com.tr\/index.php?rest_route=%2Fwp%2Fv2%2Fmedia&parent=1345"}],"curies":[{"name":"wp","href":"https:\/\/api.w.org\/{rel}","templated":true}]}}